{"id":217,"date":"2024-05-08T14:20:59","date_gmt":"2024-05-08T18:20:59","guid":{"rendered":"https:\/\/pinewood.swlauriersb.qc.ca\/our-school-about-us\/"},"modified":"2024-05-30T08:49:47","modified_gmt":"2024-05-30T12:49:47","slug":"notre-ecole-a-propos","status":"publish","type":"page","link":"https:\/\/pinewood.swlauriersb.qc.ca\/fr\/notre-ecole-a-propos\/","title":{"rendered":"Notre \u00e9cole \/ \u00c0 propos"},"content":{"rendered":"\n<h2 class=\"wp-block-heading\">Bienvenue<\/h2>\n\n\n\n<p>Bienvenue \u00e0 l\u2019\u00e9cole primaire Pinewood, un phare \u00e9ducatif nich\u00e9 dans la communaut\u00e9 dynamique de Mascouche, au Qu\u00e9bec, et faisant partie de la Commission scolaire Sir-Wilfrid-Laurier. Fi\u00e8re d\u2019\u00eatre une \u00e9cole anglophone dans cette r\u00e9gion diversifi\u00e9e, Pinewood est une pierre angulaire de l\u2019excellence acad\u00e9mique, alliant tradition et innovation pour offrir un environnement d\u2019apprentissage stimulant et inspirant.<\/p>\n\n\n\n<p>Notre \u00e9cole se trouve au c\u0153ur de Mascouche, une ville avec une histoire riche et un engagement envers l\u2019\u00e9ducation. Anciennement connue sous le nom de \u00ab&nbsp;The Heights&nbsp;\u00bb, l\u2019\u00e9cole \u00e9l\u00e9mentaire Pinewood incarne une fusion parfaite entre le patrimoine et les pratiques \u00e9ducatives de pointe.<\/p>\n\n\n\n<p>\u00c0 Pinewood, notre personnel d\u00e9vou\u00e9 et passionn\u00e9 est le moteur de notre succ\u00e8s. Engag\u00e9s dans l\u2019am\u00e9lioration continue, ils cr\u00e9ent une atmosph\u00e8re dynamique et bienveillante qui favorise \u00e0 la fois la r\u00e9ussite scolaire et la croissance personnelle. Nous comprenons la confiance profonde que les familles nous accordent lorsqu\u2019elles nous confient l\u2019\u00e9ducation de leurs enfants, et nous prenons cette responsabilit\u00e9 \u00e0 c\u0153ur.<\/p>\n\n\n\n<p>En partenariat avec la communaut\u00e9, nous nous effor\u00e7ons d\u2019inculquer l\u2019amour de l\u2019apprentissage \u00e0 nos \u00e9l\u00e8ves tout en favorisant leur d\u00e9veloppement en individus empathiques et attentionn\u00e9s. L\u2019\u00e9cole primaire Pinewood n\u2019est pas seulement une \u00e9cole; c\u2019est une communaut\u00e9 solidaire o\u00f9 chaque enfant est valoris\u00e9, encourag\u00e9 et inspir\u00e9 \u00e0 atteindre son plein potentiel.<\/p>\n\n\n\n<p>Joignez-vous \u00e0 nous pour un voyage d\u2019excellence \u00e9ducative \u00e0 l\u2019\u00e9cole primaire Pinewood, o\u00f9 la tradition rencontre l\u2019innovation, et les \u00e9l\u00e8ves s\u2019\u00e9panouissent dans un environnement qui embrasse le pass\u00e9 et l\u2019avenir.<\/p>\n\n\n\n<h2 class=\"wp-block-heading\">\u00c9nonc\u00e9 de mission<\/h2>\n\n\n\n<p>L\u2019\u00e9cole primaire Pinewood est une communaut\u00e9 d\u2019apprentissage positive qui reconna\u00eet le potentiel de tous et encourage la responsabilit\u00e9 personnelle pour la croissance.<\/p>\n\n\n\n<ul>\n<li>en aimant, en soignant, en partageant et en respectant<\/li>\n\n\n\n<li>en travaillant en \u00e9quipe, en apprenant les uns des autres, en s\u2019impliquant, en s\u2019associant, en contribuant et en se respectant mutuellement.<\/li>\n\n\n\n<li>en explorant, d\u00e9couvrant, \u00e9tudiant, analysant, inf\u00e9rant et se sentant r\u00e9ussi et motiv\u00e9.<\/li>\n\n\n\n<li>et enfin, en valorisant le respect et la responsabilit\u00e9 personnelle.<\/li>\n<\/ul>\n\n\n\n<h2 class=\"wp-block-heading\">Informations g\u00e9n\u00e9rales<\/h2>\n\n\n\n<p>Les \u00e9coles primaires Holy Rosary et Lewis King ont \u00e9t\u00e9 fusionn\u00e9es par une r\u00e9solution du Conseil en mars&nbsp;2004. Le nom de l\u2019\u00e9cole refl\u00e8te l\u2019environnement imm\u00e9diat des deux campus, les magnifiques pins de la r\u00e9gion de Lanaudi\u00e8re.<\/p>\n\n\n\n<h2 class=\"wp-block-heading\">Services<\/h2>\n\n\n\n<p>Pinewood Elementary est une \u00e9cole anglophone, avec un solide programme de fran\u00e7ais langue seconde. Nos enseignants assistent fr\u00e9quemment \u00e0 des ateliers pour se tenir au courant des derni\u00e8res innovations en mati\u00e8re d\u2019\u00e9ducation.<\/p>\n\n\n\n<p>Les deux campus sont \u00e9quip\u00e9s de salles de classe avec des tableaux blancs \u00e9lectroniques, et certains ordinateurs portables sont accessibles aux \u00e9l\u00e8ves. Nos \u00e9l\u00e8ves appr\u00e9cient \u00e9galement l\u2019utilisation de notre collection croissante d\u2019iPad.<\/p>\n\n\n\n<h2 class=\"wp-block-heading\">Participation des parents<\/h2>\n\n\n\n<p>La plus grande force de Pinewood est son sens de la communaut\u00e9. Nos parents sont encourag\u00e9s \u00e0 jouer un r\u00f4le actif et int\u00e9gral dans la vie scolaire et parascolaire de leur enfant. La collecte de fonds de l\u2019OPP refl\u00e8te cette philosophie en organisant des \u00e9v\u00e9nements familiaux pour atteindre les objectifs de collecte de fonds.<\/p>\n\n\n\n<h2 class=\"wp-block-heading\">Horaire du campus A<\/h2>\n\n\n\n<p>Horaire du bureau&nbsp;: Du lundi au vendredi de 7 h 30 \u00e0 14 h 30<\/p>\n\n\n\n<h3 class=\"wp-block-heading\">Horaire des \u00e9l\u00e8ves<\/h3>\n\n\n\n<figure class=\"wp-block-table\"><table><tbody><tr><td>7 h 45 &#8211; 7 h 55<\/td><td>Arriv\u00e9e des autobus<\/td><\/tr><tr><td>7 h 55 &#8211; 8 h 05<\/td><td>Homeroom<\/td><\/tr><tr><td>8 h 05 &#8211; 9 h 05<\/td><td>P\u00e9riode 1<\/td><\/tr><tr><td>9 h 05 &#8211; 10 h 05<\/td><td>P\u00e9riode 2<\/td><\/tr><tr><td>10 h 05 &#8211; 10 h 25<\/td><td>R\u00e9cr\u00e9ation<\/td><\/tr><tr><td>10 h 25 &#8211; 11 h 25<\/td><td>P\u00e9riode 3<\/td><\/tr><tr><td>11 h 25 &#8211; 12 h 18<\/td><td>D\u00eener<\/td><\/tr><tr><td>12 h 18 &#8211; 13 h 18<\/td><td>P\u00e9riode 4<\/td><\/tr><tr><td>13 h 18 &#8211; 13 h 38<\/td><td>R\u00e9cr\u00e9ation<\/td><\/tr><tr><td>13 h 38 &#8211;&nbsp;14 h 38<\/td><td>P\u00e9riode 5<\/td><\/tr><tr><td>14:38<\/td><td>Fin des classes<\/td><\/tr><\/tbody><\/table><\/figure>\n\n\n\n<h2 class=\"wp-block-heading\">Horaire du campus B<\/h2>\n\n\n\n<p>Horaire du bureau&nbsp;: Du lundi au vendredi de 7 h 30 \u00e0 14 h 30<\/p>\n\n\n\n<h3 class=\"wp-block-heading\">Horaire des \u00e9l\u00e8ves<\/h3>\n\n\n\n<figure class=\"wp-block-table\"><table><tbody><tr><td>7 h 35 &#8211; 7 h 50<\/td><td>Arriv\u00e9e des autobus<\/td><\/tr><tr><td>7 h 50 &#8211; 8 h<\/td><td>Homeroom<\/td><\/tr><tr><td>8 h &#8211; 9 h<\/td><td>P\u00e9riode 1<\/td><\/tr><tr><td>9 h &#8211; 10 h<\/td><td>P\u00e9riode 2<\/td><\/tr><tr><td>10 h &#8211; 10 h 20<\/td><td>R\u00e9cr\u00e9ation<\/td><\/tr><tr><td>10 h 20 &#8211; 11 h 20<\/td><td>P\u00e9riode 3<\/td><\/tr><tr><td>11 h 20 &#8211; 12 h 10<\/td><td>D\u00eener<\/td><\/tr><tr><td>12 h 10 &#8211; 13 h 10<\/td><td>P\u00e9riode 4<\/td><\/tr><tr><td>13 h 10 &#8211; 13 h 30<\/td><td>R\u00e9cr\u00e9ation<\/td><\/tr><tr><td>13 h 30 &#8211;&nbsp;14 h 30<\/td><td>P\u00e9riode 5<\/td><\/tr><tr><td>14:30<\/td><td>Fin des classes<\/td><\/tr><\/tbody><\/table><\/figure>\n","protected":false},"excerpt":{"rendered":"<p>Bienvenue Bienvenue \u00e0 l\u2019\u00e9cole primaire Pinewood, un phare \u00e9ducatif nich\u00e9 dans la communaut\u00e9 dynamique de Mascouche, au Qu\u00e9bec, et faisant partie de la Commission scolaire Sir-Wilfrid-Laurier. Fi\u00e8re d\u2019\u00eatre une \u00e9cole anglophone dans cette r\u00e9gion diversifi\u00e9e, Pinewood est une pierre angulaire de l\u2019excellence acad\u00e9mique, alliant tradition et innovation pour offrir un environnement d\u2019apprentissage stimulant et inspirant.&hellip;<\/p>\n","protected":false},"author":1,"featured_media":0,"parent":0,"menu_order":0,"comment_status":"closed","ping_status":"closed","template":"","meta":{"_acf_changed":false,"_relevanssi_hide_post":"","_relevanssi_hide_content":"","_relevanssi_pin_for_all":"","_relevanssi_pin_keywords":"","_relevanssi_unpin_keywords":"","_relevanssi_related_keywords":"","_relevanssi_related_include_ids":"","_relevanssi_related_exclude_ids":"","_relevanssi_related_no_append":"","_relevanssi_related_not_related":"","_relevanssi_related_posts":"","_relevanssi_noindex_reason":"","footnotes":""},"acf":[],"_links":{"self":[{"href":"https:\/\/pinewood.swlauriersb.qc.ca\/fr\/wp-json\/wp\/v2\/pages\/217"}],"collection":[{"href":"https:\/\/pinewood.swlauriersb.qc.ca\/fr\/wp-json\/wp\/v2\/pages"}],"about":[{"href":"https:\/\/pinewood.swlauriersb.qc.ca\/fr\/wp-json\/wp\/v2\/types\/page"}],"author":[{"embeddable":true,"href":"https:\/\/pinewood.swlauriersb.qc.ca\/fr\/wp-json\/wp\/v2\/users\/1"}],"replies":[{"embeddable":true,"href":"https:\/\/pinewood.swlauriersb.qc.ca\/fr\/wp-json\/wp\/v2\/comments?post=217"}],"version-history":[{"count":2,"href":"https:\/\/pinewood.swlauriersb.qc.ca\/fr\/wp-json\/wp\/v2\/pages\/217\/revisions"}],"predecessor-version":[{"id":446,"href":"https:\/\/pinewood.swlauriersb.qc.ca\/fr\/wp-json\/wp\/v2\/pages\/217\/revisions\/446"}],"wp:attachment":[{"href":"https:\/\/pinewood.swlauriersb.qc.ca\/fr\/wp-json\/wp\/v2\/media?parent=217"}],"curies":[{"name":"wp","href":"https:\/\/api.w.org\/{rel}","templated":true}]}}