{"id":224,"date":"2024-05-08T14:28:33","date_gmt":"2024-05-08T18:28:33","guid":{"rendered":"https:\/\/pinewood.swlauriersb.qc.ca\/parent-information\/gb\/"},"modified":"2024-05-30T08:44:54","modified_gmt":"2024-05-30T12:44:54","slug":"conseil-detablissement","status":"publish","type":"page","link":"https:\/\/pinewood.swlauriersb.qc.ca\/fr\/informations-pour-les-parents\/conseil-detablissement\/","title":{"rendered":"Conseil d\u2019\u00e9tablissement"},"content":{"rendered":"\n<h2 class=\"wp-block-heading\">Membres du Conseil d\u2019\u00e9tablissement 2023-2024<\/h2>\n\n\n\n<p>Domenico Procopio<\/p>\n\n\n\n<p>Steven Antonacci<\/p>\n\n\n\n<p>Alexandra Grebenuk Roy<\/p>\n\n\n\n<p>Judith Beaupr\u00e9<\/p>\n\n\n\n<p>Justin Sanchez<\/p>\n\n\n\n<p>Melissa Mignacca<\/p>\n\n\n\n<p>Tanya Fast<\/p>\n\n\n\n<p>Cynthia Hamelin<\/p>\n\n\n\n<p>Jessica Bookalam<\/p>\n\n\n\n<p>Lynn Lariv\u00e9e<\/p>\n\n\n\n<p>Mary Karananoukian<\/p>\n\n\n\n<p>Joanne Piazza<\/p>\n\n\n\n<p>Alexandra Roy<\/p>\n\n\n\n<p>Cynthia Conte<\/p>\n\n\n\n<p>Gail Nickerson<\/p>\n\n\n\n<p>Andr\u00e9 Gionet<\/p>\n\n\n\n<p>Esther Lecuno<\/p>\n","protected":false},"excerpt":{"rendered":"<p>Membres du Conseil d\u2019\u00e9tablissement 2023-2024 Domenico Procopio Steven Antonacci Alexandra Grebenuk Roy Judith Beaupr\u00e9 Justin Sanchez Melissa Mignacca Tanya Fast Cynthia Hamelin Jessica Bookalam Lynn Lariv\u00e9e Mary Karananoukian Joanne Piazza Alexandra Roy Cynthia Conte Gail Nickerson Andr\u00e9 Gionet Esther Lecuno<\/p>\n","protected":false},"author":1,"featured_media":0,"parent":221,"menu_order":0,"comment_status":"closed","ping_status":"closed","template":"","meta":{"_acf_changed":false,"_relevanssi_hide_post":"","_relevanssi_hide_content":"","_relevanssi_pin_for_all":"","_relevanssi_pin_keywords":"","_relevanssi_unpin_keywords":"","_relevanssi_related_keywords":"","_relevanssi_related_include_ids":"","_relevanssi_related_exclude_ids":"","_relevanssi_related_no_append":"","_relevanssi_related_not_related":"","_relevanssi_related_posts":"","_relevanssi_noindex_reason":"","footnotes":""},"acf":[],"_links":{"self":[{"href":"https:\/\/pinewood.swlauriersb.qc.ca\/fr\/wp-json\/wp\/v2\/pages\/224"}],"collection":[{"href":"https:\/\/pinewood.swlauriersb.qc.ca\/fr\/wp-json\/wp\/v2\/pages"}],"about":[{"href":"https:\/\/pinewood.swlauriersb.qc.ca\/fr\/wp-json\/wp\/v2\/types\/page"}],"author":[{"embeddable":true,"href":"https:\/\/pinewood.swlauriersb.qc.ca\/fr\/wp-json\/wp\/v2\/users\/1"}],"replies":[{"embeddable":true,"href":"https:\/\/pinewood.swlauriersb.qc.ca\/fr\/wp-json\/wp\/v2\/comments?post=224"}],"version-history":[{"count":2,"href":"https:\/\/pinewood.swlauriersb.qc.ca\/fr\/wp-json\/wp\/v2\/pages\/224\/revisions"}],"predecessor-version":[{"id":452,"href":"https:\/\/pinewood.swlauriersb.qc.ca\/fr\/wp-json\/wp\/v2\/pages\/224\/revisions\/452"}],"up":[{"embeddable":true,"href":"https:\/\/pinewood.swlauriersb.qc.ca\/fr\/wp-json\/wp\/v2\/pages\/221"}],"wp:attachment":[{"href":"https:\/\/pinewood.swlauriersb.qc.ca\/fr\/wp-json\/wp\/v2\/media?parent=224"}],"curies":[{"name":"wp","href":"https:\/\/api.w.org\/{rel}","templated":true}]}}