{"id":226,"date":"2024-05-08T14:27:26","date_gmt":"2024-05-08T18:27:26","guid":{"rendered":"https:\/\/pinewood.swlauriersb.qc.ca\/parent-information\/ppo-home-school\/"},"modified":"2024-11-14T12:55:50","modified_gmt":"2024-11-14T17:55:50","slug":"opp-organisation-de-participation-des-parents","status":"publish","type":"page","link":"https:\/\/pinewood.swlauriersb.qc.ca\/fr\/informations-pour-les-parents\/opp-organisation-de-participation-des-parents\/","title":{"rendered":"OPP\u00a0: Organisation de participation des parents"},"content":{"rendered":"\n<p>L\u2019OPP ou l\u2019organisation de participation des parents est un groupe de parents qui viennent \u00e0 l\u2019\u00e9cole pour aider avec des activit\u00e9s et am\u00e9liorer la vie quotidienne des \u00e9l\u00e8ves de Pinewood.<\/p>\n\n\n\n<p><strong>Appel&nbsp;<\/strong><strong>\u00e0<\/strong><strong>&nbsp;tous les b<\/strong><strong>\u00e9<\/strong><strong>n<\/strong><strong>\u00e9<\/strong><strong>voles<\/strong><strong>&nbsp;<\/strong><strong>!<\/strong><\/p>\n\n\n\n<p>Venez tous, venez tous ! Le PPO est toujours \u00e0 la recherche de nouveaux b\u00e9n\u00e9voles, que ce soit lors des collectes de fonds \u00e0 l&#8217;heure du d\u00e9jeuner, qui se d\u00e9roulent tout au long de l&#8217;ann\u00e9e scolaire, ou pour l&#8217;un de nos \u00e9v\u00e9nements organis\u00e9s. Si vous avez d\u00e9j\u00e0 eu envie de plus d&#8217;opportunit\u00e9s de vous impliquer dans la vie scolaire et de vous sentir partie int\u00e9grante de la communaut\u00e9, nous serions ravis de vous rencontrer ! Vos enfants seront ravis de vous voir servir une part de pizza lors de leur prochaine Journ\u00e9e de la pizza&nbsp;!&nbsp;&nbsp;&nbsp;<\/p>\n\n\n\n<p><a href=\"https:\/\/signup.com\/group\/427034619088558070\" target=\"_blank\" rel=\"noopener\">https:\/\/signup.com\/group\/427034619088558070<\/a><\/p>\n","protected":false},"excerpt":{"rendered":"<p>L\u2019OPP ou l\u2019organisation de participation des parents est un groupe de parents qui viennent \u00e0 l\u2019\u00e9cole pour aider avec des activit\u00e9s et am\u00e9liorer la vie quotidienne des \u00e9l\u00e8ves de Pinewood. Appel&nbsp;\u00e0&nbsp;tous les b\u00e9n\u00e9voles&nbsp;! Venez tous, venez tous ! Le PPO est toujours \u00e0 la recherche de nouveaux b\u00e9n\u00e9voles, que ce soit lors des collectes de&hellip;<\/p>\n","protected":false},"author":1,"featured_media":0,"parent":221,"menu_order":0,"comment_status":"closed","ping_status":"closed","template":"","meta":{"_acf_changed":false,"_relevanssi_hide_post":"","_relevanssi_hide_content":"","_relevanssi_pin_for_all":"","_relevanssi_pin_keywords":"","_relevanssi_unpin_keywords":"","_relevanssi_related_keywords":"","_relevanssi_related_include_ids":"","_relevanssi_related_exclude_ids":"","_relevanssi_related_no_append":"","_relevanssi_related_not_related":"","_relevanssi_related_posts":"","_relevanssi_noindex_reason":"","footnotes":""},"acf":[],"_links":{"self":[{"href":"https:\/\/pinewood.swlauriersb.qc.ca\/fr\/wp-json\/wp\/v2\/pages\/226"}],"collection":[{"href":"https:\/\/pinewood.swlauriersb.qc.ca\/fr\/wp-json\/wp\/v2\/pages"}],"about":[{"href":"https:\/\/pinewood.swlauriersb.qc.ca\/fr\/wp-json\/wp\/v2\/types\/page"}],"author":[{"embeddable":true,"href":"https:\/\/pinewood.swlauriersb.qc.ca\/fr\/wp-json\/wp\/v2\/users\/1"}],"replies":[{"embeddable":true,"href":"https:\/\/pinewood.swlauriersb.qc.ca\/fr\/wp-json\/wp\/v2\/comments?post=226"}],"version-history":[{"count":3,"href":"https:\/\/pinewood.swlauriersb.qc.ca\/fr\/wp-json\/wp\/v2\/pages\/226\/revisions"}],"predecessor-version":[{"id":761,"href":"https:\/\/pinewood.swlauriersb.qc.ca\/fr\/wp-json\/wp\/v2\/pages\/226\/revisions\/761"}],"up":[{"embeddable":true,"href":"https:\/\/pinewood.swlauriersb.qc.ca\/fr\/wp-json\/wp\/v2\/pages\/221"}],"wp:attachment":[{"href":"https:\/\/pinewood.swlauriersb.qc.ca\/fr\/wp-json\/wp\/v2\/media?parent=226"}],"curies":[{"name":"wp","href":"https:\/\/api.w.org\/{rel}","templated":true}]}}