{"id":230,"date":"2024-05-10T16:38:48","date_gmt":"2024-05-10T20:38:48","guid":{"rendered":"https:\/\/pinewood.swlauriersb.qc.ca\/policies\/"},"modified":"2025-08-25T15:30:41","modified_gmt":"2025-08-25T19:30:41","slug":"politiques","status":"publish","type":"page","link":"https:\/\/pinewood.swlauriersb.qc.ca\/fr\/politiques\/","title":{"rendered":"Politiques"},"content":{"rendered":"\n<h2 class=\"wp-block-heading\">Code vestimentaire<\/h2>\n\n\n\n<p>Les \u00e9l\u00e8ves doivent respecter le code vestimentaire approuv\u00e9 par le conseil d\u2019\u00e9tablissement. Tous les membres de la communaut\u00e9 scolaire s\u2019habilleront de fa\u00e7on soign\u00e9e, propre et appropri\u00e9e.<\/p>\n\n\n\n<p>Les \u00e9l\u00e8ves doivent respecter les r\u00e8gles suivantes&nbsp;:<\/p>\n\n\n\n<ul>\n<li>Des chaussures adapt\u00e9es \u00e0 l\u2019\u00e9cole doivent \u00eatre port\u00e9es en tout temps (pas de sandales ouvertes, de tongs ou de chaussures \u00e0 talons hauts)<\/li>\n\n\n\n<li>Les v\u00eatements sans manches doivent avoir 2 doigts de largeur<\/li>\n\n\n\n<li>Les v\u00eatements transparents (maille, dentelle, etc.) et les hauts\/crop-tops \u00e0 coupe basse ne sont pas autoris\u00e9s<\/li>\n\n\n\n<li>Lorsque vous portez des leggings, le haut doit atteindre au moins mi-cuisse ou plus<\/li>\n\n\n\n<li>Aucun blasph\u00e8me ou slogan inappropri\u00e9 n\u2019est permis<\/li>\n\n\n\n<li>Longueur appropri\u00e9e des shorts ou des jupes (largeur d\u2019une main au-dessus du genou).<\/li>\n\n\n\n<li>Aucun v\u00eatement d\u00e9chir\u00e9<\/li>\n<\/ul>\n\n\n\n<p>\u00c9ducation physique&nbsp;:<\/p>\n\n\n\n<ul>\n<li>V\u00eatements de sport (shorts, pantalons de surv\u00eatement, pantalons de jogging)<\/li>\n\n\n\n<li>T-shirt \u00e0 manches courtes (sans col)<\/li>\n\n\n\n<li>Chaussures de course athl\u00e9tique (pas de chaussures de plate-forme ou chaussures de patineur)<\/li>\n<\/ul>\n\n\n\n<p>Les \u00e9l\u00e8ves de maternelle et de cycle 1 NE SERONT PAS autoris\u00e9s \u00e0 se changer en v\u00eatements d\u2019\u00e9ducation physique.&nbsp; Les v\u00eatements d\u2019\u00e9ducation physique DOIVENT \u00eatre port\u00e9s sous leurs v\u00eatements scolaires.<\/p>\n\n\n\n<p>TOUS les \u00e9l\u00e8ves doivent attacher leurs cheveux et enlever les bijoux. Les \u00e9l\u00e8ves ne devraient pas porter de bijoux \u00e0 l\u2019\u00e9cole les jours o\u00f9 ils ont des cours d\u2019\u00e9ducation physique.<\/p>\n\n\n\n<div class=\"wp-block-buttons is-layout-flex wp-block-buttons-is-layout-flex\">\n<div class=\"wp-block-button is-style-text-link-pdf\"><a class=\"wp-block-button__link wp-element-button\" href=\"https:\/\/pinewood.swlauriersb.qc.ca\/wp-content\/uploads\/sites\/18\/2025\/08\/2024-25_ABAVEnd-of-YearEvaluationReport-fr.pdf\" target=\"_blank\" rel=\"noreferrer noopener\">ABAV 2024-2025 FR<i class=\"icon-pdf\"><\/i><\/a><\/div>\n\n\n\n<div class=\"wp-block-button is-style-text-link-pdf\"><a class=\"wp-block-button__link wp-element-button\" href=\"https:\/\/pinewood.swlauriersb.qc.ca\/wp-content\/uploads\/sites\/18\/2024\/06\/Pinewood-Code-of-conduct-3-pages_FR.pdf\">Code de conduite<i class=\"icon-pdf\"><\/i><\/a><\/div>\n\n\n\n<div class=\"wp-block-button is-style-text-link-pdf\"><a class=\"wp-block-button__link wp-element-button\" href=\"https:\/\/pinewood.swlauriersb.qc.ca\/wp-content\/uploads\/sites\/18\/2025\/08\/Student-Handbook-2025-2026.pdf\" target=\"_blank\" rel=\"noreferrer noopener\">Manuel de l&#8217;\u00e9l\u00e8ve<i class=\"icon-pdf\"><\/i><\/a><\/div>\n\n\n\n<div class=\"wp-block-button is-style-text-link-pdf\"><a class=\"wp-block-button__link wp-element-button\" href=\"https:\/\/pinewood.swlauriersb.qc.ca\/wp-content\/uploads\/sites\/18\/2025\/08\/Evaluation-of-Learning-Standards-and-Procedures-2025-2026.pdf\" target=\"_blank\" rel=\"noreferrer noopener\">\u00c9valuation du d\u2019apprentissage 2025-2026<i class=\"icon-pdf\"><\/i><\/a><\/div>\n<\/div>\n\n\n\n<div class=\"wp-block-buttons is-layout-flex wp-block-buttons-is-layout-flex\">\n<div class=\"wp-block-button\"><a class=\"wp-block-button__link wp-element-button\" href=\"https:\/\/pinewood.swlauriersb.qc.ca\/wp-content\/uploads\/sites\/18\/2025\/08\/Evaluations-Of-Learning-Cycle-1-2025-2026-FR.pdf\" target=\"_blank\" rel=\"noreferrer noopener\">\u00c9valuation d\u2019apprentissage cycle 1<i class=\"icon-arrow-left\"><\/i><\/a><\/div>\n<\/div>\n\n\n\n<div class=\"wp-block-buttons is-layout-flex wp-block-buttons-is-layout-flex\">\n<div class=\"wp-block-button\"><a class=\"wp-block-button__link wp-element-button\" href=\"https:\/\/pinewood.swlauriersb.qc.ca\/wp-content\/uploads\/sites\/18\/2025\/08\/Evaluation-Of-Learning-Cycle-2-2025-2026-FR.pdf\" target=\"_blank\" rel=\"noreferrer noopener\">\u00c9valuation d\u2019apprentissage cycle 2<i class=\"icon-arrow-left\"><\/i><\/a><\/div>\n<\/div>\n\n\n\n<div class=\"wp-block-buttons is-layout-flex wp-block-buttons-is-layout-flex\">\n<div class=\"wp-block-button\"><a class=\"wp-block-button__link wp-element-button\" href=\"https:\/\/pinewood.swlauriersb.qc.ca\/wp-content\/uploads\/sites\/18\/2025\/08\/Evaluation-Of-Learning-Cycle-3-2025-2026-FR.pdf\" target=\"_blank\" rel=\"noreferrer noopener\">\u00c9valuation d\u2019apprentissage cycle 3<i class=\"icon-arrow-left\"><\/i><\/a><\/div>\n<\/div>\n","protected":false},"excerpt":{"rendered":"<p>Code vestimentaire Les \u00e9l\u00e8ves doivent respecter le code vestimentaire approuv\u00e9 par le conseil d\u2019\u00e9tablissement. Tous les membres de la communaut\u00e9 scolaire s\u2019habilleront de fa\u00e7on soign\u00e9e, propre et appropri\u00e9e. Les \u00e9l\u00e8ves doivent respecter les r\u00e8gles suivantes&nbsp;: \u00c9ducation physique&nbsp;: Les \u00e9l\u00e8ves de maternelle et de cycle 1 NE SERONT PAS autoris\u00e9s \u00e0 se changer en v\u00eatements d\u2019\u00e9ducation&hellip;<\/p>\n","protected":false},"author":1,"featured_media":0,"parent":0,"menu_order":0,"comment_status":"closed","ping_status":"closed","template":"","meta":{"_acf_changed":false,"_relevanssi_hide_post":"","_relevanssi_hide_content":"","_relevanssi_pin_for_all":"","_relevanssi_pin_keywords":"","_relevanssi_unpin_keywords":"","_relevanssi_related_keywords":"","_relevanssi_related_include_ids":"","_relevanssi_related_exclude_ids":"","_relevanssi_related_no_append":"","_relevanssi_related_not_related":"","_relevanssi_related_posts":"","_relevanssi_noindex_reason":"","footnotes":""},"acf":[],"_links":{"self":[{"href":"https:\/\/pinewood.swlauriersb.qc.ca\/fr\/wp-json\/wp\/v2\/pages\/230"}],"collection":[{"href":"https:\/\/pinewood.swlauriersb.qc.ca\/fr\/wp-json\/wp\/v2\/pages"}],"about":[{"href":"https:\/\/pinewood.swlauriersb.qc.ca\/fr\/wp-json\/wp\/v2\/types\/page"}],"author":[{"embeddable":true,"href":"https:\/\/pinewood.swlauriersb.qc.ca\/fr\/wp-json\/wp\/v2\/users\/1"}],"replies":[{"embeddable":true,"href":"https:\/\/pinewood.swlauriersb.qc.ca\/fr\/wp-json\/wp\/v2\/comments?post=230"}],"version-history":[{"count":8,"href":"https:\/\/pinewood.swlauriersb.qc.ca\/fr\/wp-json\/wp\/v2\/pages\/230\/revisions"}],"predecessor-version":[{"id":913,"href":"https:\/\/pinewood.swlauriersb.qc.ca\/fr\/wp-json\/wp\/v2\/pages\/230\/revisions\/913"}],"wp:attachment":[{"href":"https:\/\/pinewood.swlauriersb.qc.ca\/fr\/wp-json\/wp\/v2\/media?parent=230"}],"curies":[{"name":"wp","href":"https:\/\/api.w.org\/{rel}","templated":true}]}}