{"id":234,"date":"2024-05-08T14:31:16","date_gmt":"2024-05-08T18:31:16","guid":{"rendered":"https:\/\/pinewood.swlauriersb.qc.ca\/services\/day-care-services\/"},"modified":"2025-12-10T09:23:19","modified_gmt":"2025-12-10T14:23:19","slug":"services-de-garde","status":"publish","type":"page","link":"https:\/\/pinewood.swlauriersb.qc.ca\/fr\/services\/services-de-garde\/","title":{"rendered":"Services de garde"},"content":{"rendered":"\n<h2 class=\"wp-block-heading\">T\u00e9l\u00e9chargez notre brochure et formulaire pour 2025-2026 ici<\/h2>\n\n\n\n<p>Une fois t\u00e9l\u00e9charg\u00e9, remplissez le formulaire, enregistrez et envoyez un courriel \u00e0 Mme. Marie-Antoinette Karamanoukian<\/p>\n\n\n\n<div class=\"wp-block-buttons is-layout-flex wp-block-buttons-is-layout-flex\">\n<div class=\"wp-block-button\"><a class=\"wp-block-button__link wp-element-button\" href=\"https:\/\/pinewood.swlauriersb.qc.ca\/wp-content\/uploads\/sites\/18\/2025\/12\/French-Pinewood-daycare-brochure-2025-2026.pdf\">Brochure<i class=\"icon-arrow-left\"><\/i><\/a><\/div>\n\n\n\n<div class=\"wp-block-button\"><a class=\"wp-block-button__link wp-element-button\" href=\"https:\/\/pinewood.swlauriersb.qc.ca\/wp-content\/uploads\/sites\/18\/2025\/12\/2025-2026-FR-DAYCARE-REGISTRATION-FORM-Pinewood.pdf\">FORMULAIRE D&#8217;INSCRIPTION &#8211; 2025-2026<i class=\"icon-arrow-left\"><\/i><\/a><\/div>\n\n\n\n<div class=\"wp-block-button\"><a class=\"wp-block-button__link wp-element-button\" href=\"https:\/\/pinewood.swlauriersb.qc.ca\/wp-content\/uploads\/sites\/18\/2025\/06\/Daycare-increase-2025-2026.pdf\">2025-2026 Augmentation des frais<i class=\"icon-arrow-left\"><\/i><\/a><\/div>\n<\/div>\n\n\n\n<h2 class=\"wp-block-heading\">Service de garde&nbsp;:<\/h2>\n\n\n\n<ul>\n<li>Service de garde : le service est offert dans le b\u00e2timent principal (Campus A). Les \u00e9l\u00e8ves du Campus B sont transport\u00e9s en navette le matin et l\u2019apr\u00e8s-midi.<\/li>\n\n\n\n<li><strong>Frais r\u00e9guliers de garde<\/strong> : 9,70 $ par jour<\/li>\n\n\n\n<li><strong>Frais lors des journ\u00e9es p\u00e9dagogiques<\/strong> : 16,05 $ (9,70 $ + 6,35 $).<\/li>\n\n\n\n<li>Heures d\u2019ouverture pendant les journ\u00e9es p\u00e9dagogiques : de 7 h \u00e0 17 h 30<\/li>\n\n\n\n<li><strong>Frais de retard<\/strong> : Apr\u00e8s 18 h, 1,00 $ par minute sera factur\u00e9.<\/li>\n<\/ul>\n\n\n\n<p>Pour joindre la coordonnatrice du service de garde, Mme Marie-Antoinette, veuillez composer le 450-621-5600, poste 5520.<\/p>\n","protected":false},"excerpt":{"rendered":"<p>T\u00e9l\u00e9chargez notre brochure et formulaire pour 2025-2026 ici Une fois t\u00e9l\u00e9charg\u00e9, remplissez le formulaire, enregistrez et envoyez un courriel \u00e0 Mme. Marie-Antoinette Karamanoukian Service de garde&nbsp;: Pour joindre la coordonnatrice du service de garde, Mme Marie-Antoinette, veuillez composer le 450-621-5600, poste 5520.<\/p>\n","protected":false},"author":1,"featured_media":0,"parent":232,"menu_order":0,"comment_status":"closed","ping_status":"closed","template":"","meta":{"_acf_changed":false,"_relevanssi_hide_post":"","_relevanssi_hide_content":"","_relevanssi_pin_for_all":"","_relevanssi_pin_keywords":"","_relevanssi_unpin_keywords":"","_relevanssi_related_keywords":"","_relevanssi_related_include_ids":"","_relevanssi_related_exclude_ids":"","_relevanssi_related_no_append":"","_relevanssi_related_not_related":"","_relevanssi_related_posts":"","_relevanssi_noindex_reason":"","footnotes":""},"acf":[],"_links":{"self":[{"href":"https:\/\/pinewood.swlauriersb.qc.ca\/fr\/wp-json\/wp\/v2\/pages\/234"}],"collection":[{"href":"https:\/\/pinewood.swlauriersb.qc.ca\/fr\/wp-json\/wp\/v2\/pages"}],"about":[{"href":"https:\/\/pinewood.swlauriersb.qc.ca\/fr\/wp-json\/wp\/v2\/types\/page"}],"author":[{"embeddable":true,"href":"https:\/\/pinewood.swlauriersb.qc.ca\/fr\/wp-json\/wp\/v2\/users\/1"}],"replies":[{"embeddable":true,"href":"https:\/\/pinewood.swlauriersb.qc.ca\/fr\/wp-json\/wp\/v2\/comments?post=234"}],"version-history":[{"count":7,"href":"https:\/\/pinewood.swlauriersb.qc.ca\/fr\/wp-json\/wp\/v2\/pages\/234\/revisions"}],"predecessor-version":[{"id":1057,"href":"https:\/\/pinewood.swlauriersb.qc.ca\/fr\/wp-json\/wp\/v2\/pages\/234\/revisions\/1057"}],"up":[{"embeddable":true,"href":"https:\/\/pinewood.swlauriersb.qc.ca\/fr\/wp-json\/wp\/v2\/pages\/232"}],"wp:attachment":[{"href":"https:\/\/pinewood.swlauriersb.qc.ca\/fr\/wp-json\/wp\/v2\/media?parent=234"}],"curies":[{"name":"wp","href":"https:\/\/api.w.org\/{rel}","templated":true}]}}